{"id":119,"date":"2011-01-01T18:33:25","date_gmt":"2011-01-01T17:33:25","guid":{"rendered":"http:\/\/localhost\/kajanova\/?page_id=119"},"modified":"2012-09-29T15:27:21","modified_gmt":"2012-09-29T14:27:21","slug":"research","status":"publish","type":"page","link":"http:\/\/kajanova.zrak.sk\/?page_id=119","title":{"rendered":"V\u00fdskum"},"content":{"rendered":"<p>Yvetta Kajanov\u00e1 z\u00edskala granty ako hlavn\u00fd rie\u0161ite\u013e pre t\u00e9my:<\/p>\n<ol>\n<li>Dejiny modernej popul\u00e1rnej hudby a jazzu na Slovensku (1998 \u2013 2000), VEGA \u010d. 2\/5130\/98<\/li>\n<li>Teoretick\u00e1 a komparat\u00edvna anal\u00fdza jazzu a rocku (2001 \u2013 2003), VEGA \u010d. 1\/8181\/01<\/li>\n<li>Postmodernistick\u00e9 trendy jazzovej a rockovej hudby (2005 \u2013 2007), VEGA \u010d. 1\/2253\/05<\/li>\n<li>Mana\u017ement profesion\u00e1lnej a amat\u00e9rskej hudobnej kult\u00fary na Slovensku (2008 \u2013 2010), VEGA \u010d. 1\/0542\/08<\/li>\n<li>Pr\u00edspevky k hist\u00f3rii slovenskej popul\u00e1rnej hudby a jazzu (2010 \u2013 2011), VEGA \u010d. 1\/0728\/11<\/li>\n<\/ol>\n<p>Po\u010das 27 ro\u010dnej muzikologickej kari\u00e9ry sa Yvetta Kajanov\u00e1 venovala v\u00fdskumu dej\u00edn slovensk\u00e9ho jazzu, kompar\u00e1cii jazzovej a rockovej hudby, v\u00fdskumu rytmu v jazze a v rocku, v\u00fdskumu improviz\u00e1cie v jazzovej a rockovej hudbe, postmodernej estetike na pozad\u00ed v\u00fdvoja s\u00fa\u010dasn\u00fdch \u0161t\u00fdlov v jazze, rocku a popul\u00e1rnej hudbe, mana\u017ementu amat\u00e9rskej, profesion\u00e1lnej a glob\u00e1lnej hudby. \u010ciastkovo zasiahla aj do oblast\u00ed hudobnej pedagogiky a sociol\u00f3gie.<\/p>\n<p>V oblasti z\u00e1kladn\u00e9ho v\u00fdskumu sa venovala dokument\u00e1cii slovenskej jazzovej sc\u00e9ny (monografia &#8211; Slovn\u00edk slovensk\u00e9ho jazzu, NHC, Bratislava 1999, The Book of Slovak Jazz, MC, Bratislava 2000), slovenskej sc\u00e9ne gospel songu. Vo viacer\u00fdch \u0161t\u00fadi\u00e1ch sa sna\u017eila aplikova\u0165 historick\u00fa met\u00f3du s komparat\u00edvnou anal\u00fdzou jazzu, rocku a popul\u00e1rnej hudby. Pok\u00fasila sa h\u013eada\u0165 nov\u00e9 met\u00f3dy v\u00fdskumu modernej popul\u00e1rnej hudby a jazzu, v ktor\u00fdch vyu\u017e\u00edvala mo\u017enosti kvantitat\u00edvnej anal\u00fdzy. Vo v\u00fdskume akcentuje tie\u017e historick\u00e9 (v\u00fdskum prame\u0148ov), sociologick\u00e9, estetick\u00e9 a \u0161t\u00fdlovo-kritick\u00e9 h\u013eadisko. Pri kompar\u00e1cii sa nemohla vyhn\u00fa\u0165 konfront\u00e1cii s artifici\u00e1lnou hudbou a v priebehu storo\u010d\u00ed sa vyv\u00edjaj\u00facou axiol\u00f3giou. Porovn\u00e1van\u00edm typick\u00fdch znakov sa pok\u00fasila konfrontova\u0165 jazz a rock ako celok a h\u013eadala cestu k pochopeniu sp\u00f4sobu hudobn\u00e9ho myslenia tvorcov v t\u00fdchto \u017e\u00e1nrovo-\u0161t\u00fdlov\u00fdch okruhoch. R\u00f4zne druhy rytmov, improviz\u00e1cie, tvorby t\u00f3nu a soundu sk\u00famala na r\u00f4znych pr\u00edkladoch v priebehu historick\u00e9ho v\u00fdvoja jazzu a rocku. Podrobnej\u0161ie sa venovala v\u00fdskumu najmlad\u0161ej gener\u00e1cie slovensk\u00fdch skladate\u013eov zasahuj\u00facich do postmodernistickej estetiky (The New Grove Dictionary of Music and Musicians, www.grove.com, Macmillan, Lond\u00fdn 2000).<\/p>","protected":false},"excerpt":{"rendered":"<p>Yvetta Kajanov\u00e1 z\u00edskala granty ako hlavn\u00fd rie\u0161ite\u013e pre t\u00e9my: Dejiny modernej popul\u00e1rnej hudby a jazzu na Slovensku (1998 \u2013 2000), &hellip; <a href=\"http:\/\/kajanova.zrak.sk\/?page_id=119\" class=\"more-link\">More <span class=\"screen-reader-text\">V\u00fdskum<\/span> <span class=\"meta-nav\">&rarr;<\/span><\/a><\/p>\n","protected":false},"author":1,"featured_media":0,"parent":0,"menu_order":20,"comment_status":"closed","ping_status":"closed","template":"","meta":{"ngg_post_thumbnail":0,"footnotes":""},"class_list":["post-119","page","type-page","status-publish","hentry"],"_links":{"self":[{"href":"http:\/\/kajanova.zrak.sk\/index.php?rest_route=\/wp\/v2\/pages\/119","targetHints":{"allow":["GET"]}}],"collection":[{"href":"http:\/\/kajanova.zrak.sk\/index.php?rest_route=\/wp\/v2\/pages"}],"about":[{"href":"http:\/\/kajanova.zrak.sk\/index.php?rest_route=\/wp\/v2\/types\/page"}],"author":[{"embeddable":true,"href":"http:\/\/kajanova.zrak.sk\/index.php?rest_route=\/wp\/v2\/users\/1"}],"replies":[{"embeddable":true,"href":"http:\/\/kajanova.zrak.sk\/index.php?rest_route=%2Fwp%2Fv2%2Fcomments&post=119"}],"version-history":[{"count":8,"href":"http:\/\/kajanova.zrak.sk\/index.php?rest_route=\/wp\/v2\/pages\/119\/revisions"}],"predecessor-version":[{"id":327,"href":"http:\/\/kajanova.zrak.sk\/index.php?rest_route=\/wp\/v2\/pages\/119\/revisions\/327"}],"wp:attachment":[{"href":"http:\/\/kajanova.zrak.sk\/index.php?rest_route=%2Fwp%2Fv2%2Fmedia&parent=119"}],"curies":[{"name":"wp","href":"https:\/\/api.w.org\/{rel}","templated":true}]}}