{"id":125,"date":"2011-01-01T18:36:02","date_gmt":"2011-01-01T17:36:02","guid":{"rendered":"http:\/\/localhost\/kajanova\/?page_id=125"},"modified":"2012-09-30T07:42:25","modified_gmt":"2012-09-30T06:42:25","slug":"teaching","status":"publish","type":"page","link":"https:\/\/kajanova.zrak.sk\/?page_id=125","title":{"rendered":"V\u00fdu\u010dba"},"content":{"rendered":"<p>Yvetta Kajanov\u00e1 ako pedag\u00f3g za\u010dala vyu\u010dova\u0165 dejiny jazzovej a rockovej hudby od roku 1990. Paralelne vyu\u010dovala kurz \u0160peci\u00e1lny semin\u00e1r s tematikou vybran\u00fdch probl\u00e9mov v jazzovej, rockove a popul\u00e1rnej hudbe. Postupne pribrala \u010fal\u0161ie kurzy hudobnej sociol\u00f3gie od roku 1997, hudobnej kritiky od roku 2005 a mana\u017ementu od roku 2006.<\/p>\n<p>Medzi jej \u0161tudentov \u2013 absolventov patria:<\/p>\n<p>Sylvia Josifosk\u00e1 &#8211; bluesov\u00e1 spev\u00e1\u010dka<br \/>\nAugust\u00edn Rebro &#8211; publicista a novin\u00e1r<br \/>\nMartin Ga\u0161par &#8211; jazzov\u00fd basgitarista<br \/>\nZuzana Vachov\u00e1 &#8211; redaktorka, novin\u00e1rka, marketingov\u00e1 a medi\u00e1lna \u0161pecialistka<br \/>\nMartina Li\u0161kov\u00e1 &#8211; redaktorka<br \/>\nPetra Remen\u00e1rov\u00e1 &#8211; mana\u017e\u00e9r festivalu Lumen<br \/>\nRastislav Podpera &#8211; muzikol\u00f3g<br \/>\nVladim\u00edr Valentovi\u010d &#8211; jazzov\u00fd saxof\u00f3nist<br \/>\nDiana Rauchov\u00e1 &#8211; redaktorka r\u00e1dia Lux<br \/>\nIveta Betsa &#8211; redaktorka<br \/>\nPeter Moty\u010dka &#8211; redaktor<br \/>\n\u013dubica Zajacov\u00e1 Z\u00e1borsk\u00e1 &#8211; muzikol\u00f3g<br \/>\nMartin \u0160im\u010d\u00edk &#8211; mana\u017e\u00e9r<br \/>\nCyril Kubi\u0161 &#8211; huslista skupiny Remedios<br \/>\nMartin Puhovich &#8211; pedag\u00f3g a teoretik<br \/>\nPeter B\u00e1lik &#8211; gitarista skupiny \u017div\u00e9 kvety<br \/>\nMiro T\u00f3th &#8211; saxofonista zo skupiny Frutti di Mare<br \/>\nOliver Reh\u00e1k &#8211; redaktor a publicista<br \/>\nSlavom\u00edr Krekovi\u010d &#8211; muzikol\u00f3g, mana\u017e\u00e9r, kritik<\/p>","protected":false},"excerpt":{"rendered":"<p>Yvetta Kajanov\u00e1 ako pedag\u00f3g za\u010dala vyu\u010dova\u0165 dejiny jazzovej a rockovej hudby od roku 1990. Paralelne vyu\u010dovala kurz \u0160peci\u00e1lny semin\u00e1r s &hellip; <a href=\"https:\/\/kajanova.zrak.sk\/?page_id=125\" class=\"more-link\">More <span class=\"screen-reader-text\">V\u00fdu\u010dba<\/span> <span class=\"meta-nav\">&rarr;<\/span><\/a><\/p>\n","protected":false},"author":1,"featured_media":0,"parent":0,"menu_order":30,"comment_status":"closed","ping_status":"closed","template":"","meta":{"ngg_post_thumbnail":0,"footnotes":""},"class_list":["post-125","page","type-page","status-publish","hentry"],"_links":{"self":[{"href":"https:\/\/kajanova.zrak.sk\/index.php?rest_route=\/wp\/v2\/pages\/125","targetHints":{"allow":["GET"]}}],"collection":[{"href":"https:\/\/kajanova.zrak.sk\/index.php?rest_route=\/wp\/v2\/pages"}],"about":[{"href":"https:\/\/kajanova.zrak.sk\/index.php?rest_route=\/wp\/v2\/types\/page"}],"author":[{"embeddable":true,"href":"https:\/\/kajanova.zrak.sk\/index.php?rest_route=\/wp\/v2\/users\/1"}],"replies":[{"embeddable":true,"href":"https:\/\/kajanova.zrak.sk\/index.php?rest_route=%2Fwp%2Fv2%2Fcomments&post=125"}],"version-history":[{"count":9,"href":"https:\/\/kajanova.zrak.sk\/index.php?rest_route=\/wp\/v2\/pages\/125\/revisions"}],"predecessor-version":[{"id":244,"href":"https:\/\/kajanova.zrak.sk\/index.php?rest_route=\/wp\/v2\/pages\/125\/revisions\/244"}],"wp:attachment":[{"href":"https:\/\/kajanova.zrak.sk\/index.php?rest_route=%2Fwp%2Fv2%2Fmedia&parent=125"}],"curies":[{"name":"wp","href":"https:\/\/api.w.org\/{rel}","templated":true}]}}